{"id":11,"date":"2012-05-03T13:23:03","date_gmt":"2012-05-03T12:23:03","guid":{"rendered":"http:\/\/scoutriders.no.web.ip.no\/?page_id=11"},"modified":"2023-05-23T11:05:36","modified_gmt":"2023-05-23T09:05:36","slug":"treff","status":"publish","type":"page","link":"https:\/\/scoutriders.no\/?page_id=11","title":{"rendered":"Treff"},"content":{"rendered":"<h1>Alle treff blir heretter annonsert p\u00e5 hjemmesiden \ud83d\ude42<\/h1>\n<p><a href=\"http:\/\/scoutriders.no\/wp-content\/uploads\/2012\/05\/IMG_0401.jpg\"><img loading=\"lazy\" decoding=\"async\" class=\"alignright size-medium wp-image-255\" src=\"http:\/\/scoutriders.no\/wp-content\/uploads\/2012\/05\/IMG_0401-300x225.jpg\" alt=\"IMG_0401\" width=\"300\" height=\"225\" srcset=\"https:\/\/scoutriders.no\/wp-content\/uploads\/2012\/05\/IMG_0401-300x225.jpg 300w, https:\/\/scoutriders.no\/wp-content\/uploads\/2012\/05\/IMG_0401-1024x768.jpg 1024w, https:\/\/scoutriders.no\/wp-content\/uploads\/2012\/05\/IMG_0401-1000x750.jpg 1000w, https:\/\/scoutriders.no\/wp-content\/uploads\/2012\/05\/IMG_0401-110x83.jpg 110w, https:\/\/scoutriders.no\/wp-content\/uploads\/2012\/05\/IMG_0401-70x53.jpg 70w, https:\/\/scoutriders.no\/wp-content\/uploads\/2012\/05\/IMG_0401.jpg 2048w\" sizes=\"auto, (max-width: 300px) 100vw, 300px\" \/><\/a><\/p>\n<p>I undermenyen kan du lese litt generelt om de to store treffene. F\u00f8lg med og meld deg p\u00e5. Du vil oppleve at scoutridere er akkurat som andre speidere, bare morsommere &#8211; og de kj\u00f8rer MC&#8230;<\/p>\n<p><a href=\"https:\/\/scoutriders.no\/?page_id=198\">Treff i Norge<\/a><br \/>\n<a href=\"https:\/\/scoutriders.no\/?page_id=219\">Treff i Danmark<\/a><br \/>\n<a href=\"https:\/\/scoutriders.no\/?page_id=138\">Bilder fra treff<\/a><\/p>\n","protected":false},"excerpt":{"rendered":"<p>Alle treff blir heretter annonsert p\u00e5 hjemmesiden \ud83d\ude42 I undermenyen kan du lese litt generelt om de to store treffene. F\u00f8lg med og meld deg p\u00e5. Du vil oppleve at scoutridere er akkurat som andre speidere, bare morsommere &#8211; og &hellip; <a href=\"https:\/\/scoutriders.no\/?page_id=11\">Les videre <span class=\"meta-nav\">&rarr;<\/span><\/a><\/p>\n","protected":false},"author":76,"featured_media":0,"parent":0,"menu_order":1,"comment_status":"closed","ping_status":"open","template":"","meta":{"ngg_post_thumbnail":0,"jetpack_post_was_ever_published":false,"footnotes":""},"class_list":["post-11","page","type-page","status-publish","hentry"],"yoast_head":"<!-- This site is optimized with the Yoast SEO plugin v27.5 - https:\/\/yoast.com\/product\/yoast-seo-wordpress\/ -->\n<title>Treff - Scoutriders.no<\/title>\n<meta name=\"robots\" content=\"index, follow, max-snippet:-1, max-image-preview:large, max-video-preview:-1\" \/>\n<link rel=\"canonical\" href=\"https:\/\/scoutriders.no\/?page_id=11\" \/>\n<meta property=\"og:locale\" content=\"nb_NO\" \/>\n<meta property=\"og:type\" content=\"article\" \/>\n<meta property=\"og:title\" content=\"Treff - Scoutriders.no\" \/>\n<meta property=\"og:description\" content=\"Alle treff blir heretter annonsert p\u00e5 hjemmesiden \ud83d\ude42 I undermenyen kan du lese litt generelt om de to store treffene. F\u00f8lg med og meld deg p\u00e5. Du vil oppleve at scoutridere er akkurat som andre speidere, bare morsommere &#8211; og &hellip; Les videre &rarr;\" \/>\n<meta property=\"og:url\" content=\"https:\/\/scoutriders.no\/?page_id=11\" \/>\n<meta property=\"og:site_name\" content=\"Scoutriders.no\" \/>\n<meta property=\"article:publisher\" content=\"https:\/\/www.facebook.com\/groups\/91862870526\" \/>\n<meta property=\"article:modified_time\" content=\"2023-05-23T09:05:36+00:00\" \/>\n<meta property=\"og:image\" content=\"http:\/\/scoutriders.no\/wp-content\/uploads\/2012\/05\/IMG_0401-300x225.jpg\" \/>\n<meta name=\"twitter:card\" content=\"summary_large_image\" \/>\n<meta name=\"twitter:label1\" content=\"Ansl. lesetid\" \/>\n\t<meta name=\"twitter:data1\" content=\"1 minutt\" \/>\n<script type=\"application\/ld+json\" class=\"yoast-schema-graph\">{\"@context\":\"https:\\\/\\\/schema.org\",\"@graph\":[{\"@type\":\"WebPage\",\"@id\":\"https:\\\/\\\/scoutriders.no\\\/?page_id=11\",\"url\":\"https:\\\/\\\/scoutriders.no\\\/?page_id=11\",\"name\":\"Treff - Scoutriders.no\",\"isPartOf\":{\"@id\":\"https:\\\/\\\/scoutriders.no\\\/#website\"},\"primaryImageOfPage\":{\"@id\":\"https:\\\/\\\/scoutriders.no\\\/?page_id=11#primaryimage\"},\"image\":{\"@id\":\"https:\\\/\\\/scoutriders.no\\\/?page_id=11#primaryimage\"},\"thumbnailUrl\":\"http:\\\/\\\/scoutriders.no\\\/wp-content\\\/uploads\\\/2012\\\/05\\\/IMG_0401-300x225.jpg\",\"datePublished\":\"2012-05-03T12:23:03+00:00\",\"dateModified\":\"2023-05-23T09:05:36+00:00\",\"breadcrumb\":{\"@id\":\"https:\\\/\\\/scoutriders.no\\\/?page_id=11#breadcrumb\"},\"inLanguage\":\"nb-NO\",\"potentialAction\":[{\"@type\":\"ReadAction\",\"target\":[\"https:\\\/\\\/scoutriders.no\\\/?page_id=11\"]}]},{\"@type\":\"ImageObject\",\"inLanguage\":\"nb-NO\",\"@id\":\"https:\\\/\\\/scoutriders.no\\\/?page_id=11#primaryimage\",\"url\":\"https:\\\/\\\/scoutriders.no\\\/wp-content\\\/uploads\\\/2012\\\/05\\\/IMG_0401.jpg\",\"contentUrl\":\"https:\\\/\\\/scoutriders.no\\\/wp-content\\\/uploads\\\/2012\\\/05\\\/IMG_0401.jpg\",\"width\":2048,\"height\":1536},{\"@type\":\"BreadcrumbList\",\"@id\":\"https:\\\/\\\/scoutriders.no\\\/?page_id=11#breadcrumb\",\"itemListElement\":[{\"@type\":\"ListItem\",\"position\":1,\"name\":\"Hjem\",\"item\":\"https:\\\/\\\/scoutriders.no\\\/\"},{\"@type\":\"ListItem\",\"position\":2,\"name\":\"Treff\"}]},{\"@type\":\"WebSite\",\"@id\":\"https:\\\/\\\/scoutriders.no\\\/#website\",\"url\":\"https:\\\/\\\/scoutriders.no\\\/\",\"name\":\"Scoutriders.no\",\"description\":\"MC-klubben for speidere\",\"publisher\":{\"@id\":\"https:\\\/\\\/scoutriders.no\\\/#organization\"},\"potentialAction\":[{\"@type\":\"SearchAction\",\"target\":{\"@type\":\"EntryPoint\",\"urlTemplate\":\"https:\\\/\\\/scoutriders.no\\\/?s={search_term_string}\"},\"query-input\":{\"@type\":\"PropertyValueSpecification\",\"valueRequired\":true,\"valueName\":\"search_term_string\"}}],\"inLanguage\":\"nb-NO\"},{\"@type\":\"Organization\",\"@id\":\"https:\\\/\\\/scoutriders.no\\\/#organization\",\"name\":\"Scoutriders Norge\",\"url\":\"https:\\\/\\\/scoutriders.no\\\/\",\"logo\":{\"@type\":\"ImageObject\",\"inLanguage\":\"nb-NO\",\"@id\":\"https:\\\/\\\/scoutriders.no\\\/#\\\/schema\\\/logo\\\/image\\\/\",\"url\":\"https:\\\/\\\/scoutriders.no\\\/wp-content\\\/uploads\\\/2016\\\/03\\\/NO.jpg\",\"contentUrl\":\"https:\\\/\\\/scoutriders.no\\\/wp-content\\\/uploads\\\/2016\\\/03\\\/NO.jpg\",\"width\":198,\"height\":198,\"caption\":\"Scoutriders Norge\"},\"image\":{\"@id\":\"https:\\\/\\\/scoutriders.no\\\/#\\\/schema\\\/logo\\\/image\\\/\"},\"sameAs\":[\"https:\\\/\\\/www.facebook.com\\\/groups\\\/91862870526\"]}]}<\/script>\n<!-- \/ Yoast SEO plugin. -->","yoast_head_json":{"title":"Treff - Scoutriders.no","robots":{"index":"index","follow":"follow","max-snippet":"max-snippet:-1","max-image-preview":"max-image-preview:large","max-video-preview":"max-video-preview:-1"},"canonical":"https:\/\/scoutriders.no\/?page_id=11","og_locale":"nb_NO","og_type":"article","og_title":"Treff - Scoutriders.no","og_description":"Alle treff blir heretter annonsert p\u00e5 hjemmesiden \ud83d\ude42 I undermenyen kan du lese litt generelt om de to store treffene. F\u00f8lg med og meld deg p\u00e5. Du vil oppleve at scoutridere er akkurat som andre speidere, bare morsommere &#8211; og &hellip; Les videre &rarr;","og_url":"https:\/\/scoutriders.no\/?page_id=11","og_site_name":"Scoutriders.no","article_publisher":"https:\/\/www.facebook.com\/groups\/91862870526","article_modified_time":"2023-05-23T09:05:36+00:00","og_image":[{"url":"http:\/\/scoutriders.no\/wp-content\/uploads\/2012\/05\/IMG_0401-300x225.jpg","type":"","width":"","height":""}],"twitter_card":"summary_large_image","twitter_misc":{"Ansl. lesetid":"1 minutt"},"schema":{"@context":"https:\/\/schema.org","@graph":[{"@type":"WebPage","@id":"https:\/\/scoutriders.no\/?page_id=11","url":"https:\/\/scoutriders.no\/?page_id=11","name":"Treff - Scoutriders.no","isPartOf":{"@id":"https:\/\/scoutriders.no\/#website"},"primaryImageOfPage":{"@id":"https:\/\/scoutriders.no\/?page_id=11#primaryimage"},"image":{"@id":"https:\/\/scoutriders.no\/?page_id=11#primaryimage"},"thumbnailUrl":"http:\/\/scoutriders.no\/wp-content\/uploads\/2012\/05\/IMG_0401-300x225.jpg","datePublished":"2012-05-03T12:23:03+00:00","dateModified":"2023-05-23T09:05:36+00:00","breadcrumb":{"@id":"https:\/\/scoutriders.no\/?page_id=11#breadcrumb"},"inLanguage":"nb-NO","potentialAction":[{"@type":"ReadAction","target":["https:\/\/scoutriders.no\/?page_id=11"]}]},{"@type":"ImageObject","inLanguage":"nb-NO","@id":"https:\/\/scoutriders.no\/?page_id=11#primaryimage","url":"https:\/\/scoutriders.no\/wp-content\/uploads\/2012\/05\/IMG_0401.jpg","contentUrl":"https:\/\/scoutriders.no\/wp-content\/uploads\/2012\/05\/IMG_0401.jpg","width":2048,"height":1536},{"@type":"BreadcrumbList","@id":"https:\/\/scoutriders.no\/?page_id=11#breadcrumb","itemListElement":[{"@type":"ListItem","position":1,"name":"Hjem","item":"https:\/\/scoutriders.no\/"},{"@type":"ListItem","position":2,"name":"Treff"}]},{"@type":"WebSite","@id":"https:\/\/scoutriders.no\/#website","url":"https:\/\/scoutriders.no\/","name":"Scoutriders.no","description":"MC-klubben for speidere","publisher":{"@id":"https:\/\/scoutriders.no\/#organization"},"potentialAction":[{"@type":"SearchAction","target":{"@type":"EntryPoint","urlTemplate":"https:\/\/scoutriders.no\/?s={search_term_string}"},"query-input":{"@type":"PropertyValueSpecification","valueRequired":true,"valueName":"search_term_string"}}],"inLanguage":"nb-NO"},{"@type":"Organization","@id":"https:\/\/scoutriders.no\/#organization","name":"Scoutriders Norge","url":"https:\/\/scoutriders.no\/","logo":{"@type":"ImageObject","inLanguage":"nb-NO","@id":"https:\/\/scoutriders.no\/#\/schema\/logo\/image\/","url":"https:\/\/scoutriders.no\/wp-content\/uploads\/2016\/03\/NO.jpg","contentUrl":"https:\/\/scoutriders.no\/wp-content\/uploads\/2016\/03\/NO.jpg","width":198,"height":198,"caption":"Scoutriders Norge"},"image":{"@id":"https:\/\/scoutriders.no\/#\/schema\/logo\/image\/"},"sameAs":["https:\/\/www.facebook.com\/groups\/91862870526"]}]}},"jetpack_sharing_enabled":true,"_links":{"self":[{"href":"https:\/\/scoutriders.no\/index.php?rest_route=\/wp\/v2\/pages\/11","targetHints":{"allow":["GET"]}}],"collection":[{"href":"https:\/\/scoutriders.no\/index.php?rest_route=\/wp\/v2\/pages"}],"about":[{"href":"https:\/\/scoutriders.no\/index.php?rest_route=\/wp\/v2\/types\/page"}],"author":[{"embeddable":true,"href":"https:\/\/scoutriders.no\/index.php?rest_route=\/wp\/v2\/users\/76"}],"replies":[{"embeddable":true,"href":"https:\/\/scoutriders.no\/index.php?rest_route=%2Fwp%2Fv2%2Fcomments&post=11"}],"version-history":[{"count":10,"href":"https:\/\/scoutriders.no\/index.php?rest_route=\/wp\/v2\/pages\/11\/revisions"}],"predecessor-version":[{"id":13074,"href":"https:\/\/scoutriders.no\/index.php?rest_route=\/wp\/v2\/pages\/11\/revisions\/13074"}],"wp:attachment":[{"href":"https:\/\/scoutriders.no\/index.php?rest_route=%2Fwp%2Fv2%2Fmedia&parent=11"}],"curies":[{"name":"wp","href":"https:\/\/api.w.org\/{rel}","templated":true}]}}