{"id":13061,"date":"2023-05-23T10:47:01","date_gmt":"2023-05-23T08:47:01","guid":{"rendered":"https:\/\/scoutriders.no\/?page_id=13061"},"modified":"2026-04-10T21:23:20","modified_gmt":"2026-04-10T19:23:20","slug":"terminliste","status":"publish","type":"page","link":"https:\/\/scoutriders.no\/?page_id=13061","title":{"rendered":"Terminliste"},"content":{"rendered":"<p><strong>Terminliste 2026<\/strong><\/p>\n<p>27.februar-1.mars MC Messen, Lillestr\u00f8m.<br \/>\n4.mars \u00c5rsm\u00f8te Scoutriders Norge- Teams<br \/>\n25.april MC-tr\u00e6f Egeskov, Kv\u00e6rndrup.<br \/>\n1.mai Mj\u00f8sa rundt<br \/>\nMai-sept Tyrigrava, onsdag fra kl.17.00<br \/>\n12-14.juni Treff, Scoutriders Danmark Skalbjerg, Fyn (Tina)<br \/>\n27.juni Amcar &amp; MC treff Vandrerhjemmet, Hamar (ved Vikingskipet)<br \/>\n3.5.juli NAF MC Landstreff p\u00e5 R\u00f8ros<br \/>\nJuni-september MC treff Vindfjelltunet, tirsdager fra kl.17<br \/>\n31-2.august BMW treff Saltstraumen<br \/>\n6-9.august BMW treff Indre Billefjord<br \/>\n14-16.august Treff Scoutriders Norge<br \/>\n18-20.september Straandtreffet 2026<br \/>\n26.Desember Julekuten, Hamaromr\u00e5det. Kontakt: Rune Hoel<\/p>\n<p><strong>Terminliste Scoutriders Norge 2025<\/strong><\/p>\n<p>26\/4: MC treff, Egeskov. Sted: Egeskov, Egeskov Gade 22. 5772 Kv\u00e6rndrup. Kl.10-17<br \/>\n29\/5-1\/6: Bonustreff Bornholm, Scoutriders Danmark. Fullt!<br \/>\n13-16\/6: Treff 2025 Scoutriders Danmark. Sted og detaljer kommer senere<br \/>\n5-12\/7: Speidernes Landsleir 2025, Gj\u00f8vik<br \/>\n9-11\/7: FIM-Rally. Lillehammer. Arr: Norges Motorsportforbund og NMCU<br \/>\n15-17\/8: Treff 2025 Scoutriders Norge. Sted Nordhue, detaljer kommer senere<br \/>\n19-21\/9: Straand treffet 2025<\/p>\n<p>Tyrigrava: MC samling hver onsdag fra mai til september. Adresse: Gamle Mossevei 55, Svartskog<\/p>\n<p>Vindfjelltunet: MC samling hver tirsdag fra mai til september<\/p>\n<p>&nbsp;<\/p>\n<p><strong>Terminliste 2023,<\/strong> pr 22.05.2023<\/p>\n<p>29. april &#8211; MC-tr\u00e6f Egeskov, Kv\u00e6rndrup<br \/>\n1. mai &#8211; Mj\u00f8sa rundt<br \/>\n24. mai &#8211; Tyrigrava fra kl.17.00 (MC treff hver onsdag)<br \/>\n9.-11. juni &#8211; Treff, Scoutriders Danmark (Sj\u00e6lland, hos Jonas)<br \/>\n13. juni &#8211; Vindfjelltunet fra kl.17 (MC treff hver tirsdag fra kl.17-21)<br \/>\n1-8. juli &#8211; Landsdelsleir Rens\u00e5 leirsted NSF<br \/>\n11.-13. august &#8211; Treff Scoutriders Norge + \u00e5rsm\u00f8te (Rune Hoel\/\u00d8ystein\/Jens Yngve)<br \/>\n30. august &#8211; Tyrigrava fra kl.17.00<br \/>\n15-17. september &#8211; Straandtreffet 2023 (Trond Olsen\/Vibeke Gordner har ansvaret)<\/p>\n","protected":false},"excerpt":{"rendered":"<p>Terminliste 2026 27.februar-1.mars MC Messen, Lillestr\u00f8m. 4.mars \u00c5rsm\u00f8te Scoutriders Norge- Teams 25.april MC-tr\u00e6f Egeskov, Kv\u00e6rndrup. 1.mai Mj\u00f8sa rundt Mai-sept Tyrigrava, onsdag fra kl.17.00 12-14.juni Treff, Scoutriders Danmark Skalbjerg, Fyn (Tina) 27.juni Amcar &amp; MC treff Vandrerhjemmet, Hamar (ved Vikingskipet) 3.5.juli &hellip; <a href=\"https:\/\/scoutriders.no\/?page_id=13061\">Les videre <span class=\"meta-nav\">&rarr;<\/span><\/a><\/p>\n","protected":false},"author":33,"featured_media":0,"parent":0,"menu_order":2,"comment_status":"closed","ping_status":"closed","template":"","meta":{"ngg_post_thumbnail":0,"jetpack_post_was_ever_published":false,"footnotes":""},"class_list":["post-13061","page","type-page","status-publish","hentry"],"yoast_head":"<!-- This site is optimized with the Yoast SEO plugin v27.5 - https:\/\/yoast.com\/product\/yoast-seo-wordpress\/ -->\n<title>Terminliste - Scoutriders.no<\/title>\n<meta name=\"robots\" content=\"index, follow, max-snippet:-1, max-image-preview:large, max-video-preview:-1\" \/>\n<link rel=\"canonical\" href=\"https:\/\/scoutriders.no\/?page_id=13061\" \/>\n<meta property=\"og:locale\" content=\"nb_NO\" \/>\n<meta property=\"og:type\" content=\"article\" \/>\n<meta property=\"og:title\" content=\"Terminliste - Scoutriders.no\" \/>\n<meta property=\"og:description\" content=\"Terminliste 2026 27.februar-1.mars MC Messen, Lillestr\u00f8m. 4.mars \u00c5rsm\u00f8te Scoutriders Norge- Teams 25.april MC-tr\u00e6f Egeskov, Kv\u00e6rndrup. 1.mai Mj\u00f8sa rundt Mai-sept Tyrigrava, onsdag fra kl.17.00 12-14.juni Treff, Scoutriders Danmark Skalbjerg, Fyn (Tina) 27.juni Amcar &amp; MC treff Vandrerhjemmet, Hamar (ved Vikingskipet) 3.5.juli &hellip; Les videre &rarr;\" \/>\n<meta property=\"og:url\" content=\"https:\/\/scoutriders.no\/?page_id=13061\" \/>\n<meta property=\"og:site_name\" content=\"Scoutriders.no\" \/>\n<meta property=\"article:publisher\" content=\"https:\/\/www.facebook.com\/groups\/91862870526\" \/>\n<meta property=\"article:modified_time\" content=\"2026-04-10T19:23:20+00:00\" \/>\n<meta name=\"twitter:card\" content=\"summary_large_image\" \/>\n<meta name=\"twitter:label1\" content=\"Ansl. lesetid\" \/>\n\t<meta name=\"twitter:data1\" content=\"2 minutter\" \/>\n<script type=\"application\/ld+json\" class=\"yoast-schema-graph\">{\"@context\":\"https:\\\/\\\/schema.org\",\"@graph\":[{\"@type\":\"WebPage\",\"@id\":\"https:\\\/\\\/scoutriders.no\\\/?page_id=13061\",\"url\":\"https:\\\/\\\/scoutriders.no\\\/?page_id=13061\",\"name\":\"Terminliste - Scoutriders.no\",\"isPartOf\":{\"@id\":\"https:\\\/\\\/scoutriders.no\\\/#website\"},\"datePublished\":\"2023-05-23T08:47:01+00:00\",\"dateModified\":\"2026-04-10T19:23:20+00:00\",\"breadcrumb\":{\"@id\":\"https:\\\/\\\/scoutriders.no\\\/?page_id=13061#breadcrumb\"},\"inLanguage\":\"nb-NO\",\"potentialAction\":[{\"@type\":\"ReadAction\",\"target\":[\"https:\\\/\\\/scoutriders.no\\\/?page_id=13061\"]}]},{\"@type\":\"BreadcrumbList\",\"@id\":\"https:\\\/\\\/scoutriders.no\\\/?page_id=13061#breadcrumb\",\"itemListElement\":[{\"@type\":\"ListItem\",\"position\":1,\"name\":\"Hjem\",\"item\":\"https:\\\/\\\/scoutriders.no\\\/\"},{\"@type\":\"ListItem\",\"position\":2,\"name\":\"Terminliste\"}]},{\"@type\":\"WebSite\",\"@id\":\"https:\\\/\\\/scoutriders.no\\\/#website\",\"url\":\"https:\\\/\\\/scoutriders.no\\\/\",\"name\":\"Scoutriders.no\",\"description\":\"MC-klubben for speidere\",\"publisher\":{\"@id\":\"https:\\\/\\\/scoutriders.no\\\/#organization\"},\"potentialAction\":[{\"@type\":\"SearchAction\",\"target\":{\"@type\":\"EntryPoint\",\"urlTemplate\":\"https:\\\/\\\/scoutriders.no\\\/?s={search_term_string}\"},\"query-input\":{\"@type\":\"PropertyValueSpecification\",\"valueRequired\":true,\"valueName\":\"search_term_string\"}}],\"inLanguage\":\"nb-NO\"},{\"@type\":\"Organization\",\"@id\":\"https:\\\/\\\/scoutriders.no\\\/#organization\",\"name\":\"Scoutriders Norge\",\"url\":\"https:\\\/\\\/scoutriders.no\\\/\",\"logo\":{\"@type\":\"ImageObject\",\"inLanguage\":\"nb-NO\",\"@id\":\"https:\\\/\\\/scoutriders.no\\\/#\\\/schema\\\/logo\\\/image\\\/\",\"url\":\"https:\\\/\\\/scoutriders.no\\\/wp-content\\\/uploads\\\/2016\\\/03\\\/NO.jpg\",\"contentUrl\":\"https:\\\/\\\/scoutriders.no\\\/wp-content\\\/uploads\\\/2016\\\/03\\\/NO.jpg\",\"width\":198,\"height\":198,\"caption\":\"Scoutriders Norge\"},\"image\":{\"@id\":\"https:\\\/\\\/scoutriders.no\\\/#\\\/schema\\\/logo\\\/image\\\/\"},\"sameAs\":[\"https:\\\/\\\/www.facebook.com\\\/groups\\\/91862870526\"]}]}<\/script>\n<!-- \/ Yoast SEO plugin. -->","yoast_head_json":{"title":"Terminliste - Scoutriders.no","robots":{"index":"index","follow":"follow","max-snippet":"max-snippet:-1","max-image-preview":"max-image-preview:large","max-video-preview":"max-video-preview:-1"},"canonical":"https:\/\/scoutriders.no\/?page_id=13061","og_locale":"nb_NO","og_type":"article","og_title":"Terminliste - Scoutriders.no","og_description":"Terminliste 2026 27.februar-1.mars MC Messen, Lillestr\u00f8m. 4.mars \u00c5rsm\u00f8te Scoutriders Norge- Teams 25.april MC-tr\u00e6f Egeskov, Kv\u00e6rndrup. 1.mai Mj\u00f8sa rundt Mai-sept Tyrigrava, onsdag fra kl.17.00 12-14.juni Treff, Scoutriders Danmark Skalbjerg, Fyn (Tina) 27.juni Amcar &amp; MC treff Vandrerhjemmet, Hamar (ved Vikingskipet) 3.5.juli &hellip; Les videre &rarr;","og_url":"https:\/\/scoutriders.no\/?page_id=13061","og_site_name":"Scoutriders.no","article_publisher":"https:\/\/www.facebook.com\/groups\/91862870526","article_modified_time":"2026-04-10T19:23:20+00:00","twitter_card":"summary_large_image","twitter_misc":{"Ansl. lesetid":"2 minutter"},"schema":{"@context":"https:\/\/schema.org","@graph":[{"@type":"WebPage","@id":"https:\/\/scoutriders.no\/?page_id=13061","url":"https:\/\/scoutriders.no\/?page_id=13061","name":"Terminliste - Scoutriders.no","isPartOf":{"@id":"https:\/\/scoutriders.no\/#website"},"datePublished":"2023-05-23T08:47:01+00:00","dateModified":"2026-04-10T19:23:20+00:00","breadcrumb":{"@id":"https:\/\/scoutriders.no\/?page_id=13061#breadcrumb"},"inLanguage":"nb-NO","potentialAction":[{"@type":"ReadAction","target":["https:\/\/scoutriders.no\/?page_id=13061"]}]},{"@type":"BreadcrumbList","@id":"https:\/\/scoutriders.no\/?page_id=13061#breadcrumb","itemListElement":[{"@type":"ListItem","position":1,"name":"Hjem","item":"https:\/\/scoutriders.no\/"},{"@type":"ListItem","position":2,"name":"Terminliste"}]},{"@type":"WebSite","@id":"https:\/\/scoutriders.no\/#website","url":"https:\/\/scoutriders.no\/","name":"Scoutriders.no","description":"MC-klubben for speidere","publisher":{"@id":"https:\/\/scoutriders.no\/#organization"},"potentialAction":[{"@type":"SearchAction","target":{"@type":"EntryPoint","urlTemplate":"https:\/\/scoutriders.no\/?s={search_term_string}"},"query-input":{"@type":"PropertyValueSpecification","valueRequired":true,"valueName":"search_term_string"}}],"inLanguage":"nb-NO"},{"@type":"Organization","@id":"https:\/\/scoutriders.no\/#organization","name":"Scoutriders Norge","url":"https:\/\/scoutriders.no\/","logo":{"@type":"ImageObject","inLanguage":"nb-NO","@id":"https:\/\/scoutriders.no\/#\/schema\/logo\/image\/","url":"https:\/\/scoutriders.no\/wp-content\/uploads\/2016\/03\/NO.jpg","contentUrl":"https:\/\/scoutriders.no\/wp-content\/uploads\/2016\/03\/NO.jpg","width":198,"height":198,"caption":"Scoutriders Norge"},"image":{"@id":"https:\/\/scoutriders.no\/#\/schema\/logo\/image\/"},"sameAs":["https:\/\/www.facebook.com\/groups\/91862870526"]}]}},"jetpack_sharing_enabled":true,"_links":{"self":[{"href":"https:\/\/scoutriders.no\/index.php?rest_route=\/wp\/v2\/pages\/13061","targetHints":{"allow":["GET"]}}],"collection":[{"href":"https:\/\/scoutriders.no\/index.php?rest_route=\/wp\/v2\/pages"}],"about":[{"href":"https:\/\/scoutriders.no\/index.php?rest_route=\/wp\/v2\/types\/page"}],"author":[{"embeddable":true,"href":"https:\/\/scoutriders.no\/index.php?rest_route=\/wp\/v2\/users\/33"}],"replies":[{"embeddable":true,"href":"https:\/\/scoutriders.no\/index.php?rest_route=%2Fwp%2Fv2%2Fcomments&post=13061"}],"version-history":[{"count":4,"href":"https:\/\/scoutriders.no\/index.php?rest_route=\/wp\/v2\/pages\/13061\/revisions"}],"predecessor-version":[{"id":16123,"href":"https:\/\/scoutriders.no\/index.php?rest_route=\/wp\/v2\/pages\/13061\/revisions\/16123"}],"wp:attachment":[{"href":"https:\/\/scoutriders.no\/index.php?rest_route=%2Fwp%2Fv2%2Fmedia&parent=13061"}],"curies":[{"name":"wp","href":"https:\/\/api.w.org\/{rel}","templated":true}]}}