{"id":13068,"date":"2023-05-23T11:00:36","date_gmt":"2023-05-23T09:00:36","guid":{"rendered":"https:\/\/scoutriders.no\/?page_id=13068"},"modified":"2025-01-18T17:14:20","modified_gmt":"2025-01-18T16:14:20","slug":"referater","status":"publish","type":"page","link":"https:\/\/scoutriders.no\/?page_id=13068","title":{"rendered":"Referater"},"content":{"rendered":"<p>Her vil du finne aktuelle referater fra blant annet \u00e5rsm\u00f8tene.<\/p>\n<p>Referat \u00e5rsm\u00f8te 2024:<br \/>\n<a href=\"http:\/\/scoutriders.no\/wp-content\/uploads\/2025\/01\/Arsmelding_2023_Scoutriders_Norge_.pdf\" target=\"_blank\" rel=\"noopener\">Arsmelding_2023_Scoutriders_Norge_<\/a><br \/>\n<a href=\"http:\/\/scoutriders.no\/wp-content\/uploads\/2025\/01\/Regnskap_Scoutriders_Norge_2023.pdf\" target=\"_blank\" rel=\"noopener\">Regnskap_Scoutriders_Norge_2023<\/a><br \/>\n<a href=\"http:\/\/scoutriders.no\/wp-content\/uploads\/2025\/01\/2023-Signert-Protokoll-arsmote-2.5.2024.pdf\" target=\"_blank\" rel=\"noopener\">2023 Signert Protokoll \u00e5rsm\u00f8te 2.5.2024<\/a><\/p>\n<p>Stiftelsesm\u00f8te 2023:<br \/>\n<a href=\"http:\/\/scoutriders.no\/wp-content\/uploads\/2023\/05\/Protokoll-2023-Scoutriders.pdf\" target=\"_blank\" rel=\"noopener\">Protokoll stiftelsesm\u00f8te 2023 Scoutriders<\/a><\/p>\n","protected":false},"excerpt":{"rendered":"<p>Her vil du finne aktuelle referater fra blant annet \u00e5rsm\u00f8tene. Referat \u00e5rsm\u00f8te 2024: Arsmelding_2023_Scoutriders_Norge_ Regnskap_Scoutriders_Norge_2023 2023 Signert Protokoll \u00e5rsm\u00f8te 2.5.2024 Stiftelsesm\u00f8te 2023: Protokoll stiftelsesm\u00f8te 2023 Scoutriders<\/p>\n","protected":false},"author":33,"featured_media":0,"parent":41,"menu_order":1,"comment_status":"closed","ping_status":"closed","template":"","meta":{"ngg_post_thumbnail":0,"jetpack_post_was_ever_published":false,"footnotes":""},"class_list":["post-13068","page","type-page","status-publish","hentry"],"yoast_head":"<!-- This site is optimized with the Yoast SEO plugin v27.5 - https:\/\/yoast.com\/product\/yoast-seo-wordpress\/ -->\n<title>Referater - Scoutriders.no<\/title>\n<meta name=\"robots\" content=\"index, follow, max-snippet:-1, max-image-preview:large, max-video-preview:-1\" \/>\n<link rel=\"canonical\" href=\"https:\/\/scoutriders.no\/?page_id=13068\" \/>\n<meta property=\"og:locale\" content=\"nb_NO\" \/>\n<meta property=\"og:type\" content=\"article\" \/>\n<meta property=\"og:title\" content=\"Referater - Scoutriders.no\" \/>\n<meta property=\"og:description\" content=\"Her vil du finne aktuelle referater fra blant annet \u00e5rsm\u00f8tene. Referat \u00e5rsm\u00f8te 2024: Arsmelding_2023_Scoutriders_Norge_ Regnskap_Scoutriders_Norge_2023 2023 Signert Protokoll \u00e5rsm\u00f8te 2.5.2024 Stiftelsesm\u00f8te 2023: Protokoll stiftelsesm\u00f8te 2023 Scoutriders\" \/>\n<meta property=\"og:url\" content=\"https:\/\/scoutriders.no\/?page_id=13068\" \/>\n<meta property=\"og:site_name\" content=\"Scoutriders.no\" \/>\n<meta property=\"article:publisher\" content=\"https:\/\/www.facebook.com\/groups\/91862870526\" \/>\n<meta property=\"article:modified_time\" content=\"2025-01-18T16:14:20+00:00\" \/>\n<meta name=\"twitter:card\" content=\"summary_large_image\" \/>\n<meta name=\"twitter:label1\" content=\"Ansl. lesetid\" \/>\n\t<meta name=\"twitter:data1\" content=\"1 minutt\" \/>\n<script type=\"application\/ld+json\" class=\"yoast-schema-graph\">{\"@context\":\"https:\\\/\\\/schema.org\",\"@graph\":[{\"@type\":\"WebPage\",\"@id\":\"https:\\\/\\\/scoutriders.no\\\/?page_id=13068\",\"url\":\"https:\\\/\\\/scoutriders.no\\\/?page_id=13068\",\"name\":\"Referater - Scoutriders.no\",\"isPartOf\":{\"@id\":\"https:\\\/\\\/scoutriders.no\\\/#website\"},\"datePublished\":\"2023-05-23T09:00:36+00:00\",\"dateModified\":\"2025-01-18T16:14:20+00:00\",\"breadcrumb\":{\"@id\":\"https:\\\/\\\/scoutriders.no\\\/?page_id=13068#breadcrumb\"},\"inLanguage\":\"nb-NO\",\"potentialAction\":[{\"@type\":\"ReadAction\",\"target\":[\"https:\\\/\\\/scoutriders.no\\\/?page_id=13068\"]}]},{\"@type\":\"BreadcrumbList\",\"@id\":\"https:\\\/\\\/scoutriders.no\\\/?page_id=13068#breadcrumb\",\"itemListElement\":[{\"@type\":\"ListItem\",\"position\":1,\"name\":\"Hjem\",\"item\":\"https:\\\/\\\/scoutriders.no\\\/\"},{\"@type\":\"ListItem\",\"position\":2,\"name\":\"Om\",\"item\":\"https:\\\/\\\/scoutriders.no\\\/?page_id=41\"},{\"@type\":\"ListItem\",\"position\":3,\"name\":\"Referater\"}]},{\"@type\":\"WebSite\",\"@id\":\"https:\\\/\\\/scoutriders.no\\\/#website\",\"url\":\"https:\\\/\\\/scoutriders.no\\\/\",\"name\":\"Scoutriders.no\",\"description\":\"MC-klubben for speidere\",\"publisher\":{\"@id\":\"https:\\\/\\\/scoutriders.no\\\/#organization\"},\"potentialAction\":[{\"@type\":\"SearchAction\",\"target\":{\"@type\":\"EntryPoint\",\"urlTemplate\":\"https:\\\/\\\/scoutriders.no\\\/?s={search_term_string}\"},\"query-input\":{\"@type\":\"PropertyValueSpecification\",\"valueRequired\":true,\"valueName\":\"search_term_string\"}}],\"inLanguage\":\"nb-NO\"},{\"@type\":\"Organization\",\"@id\":\"https:\\\/\\\/scoutriders.no\\\/#organization\",\"name\":\"Scoutriders Norge\",\"url\":\"https:\\\/\\\/scoutriders.no\\\/\",\"logo\":{\"@type\":\"ImageObject\",\"inLanguage\":\"nb-NO\",\"@id\":\"https:\\\/\\\/scoutriders.no\\\/#\\\/schema\\\/logo\\\/image\\\/\",\"url\":\"https:\\\/\\\/scoutriders.no\\\/wp-content\\\/uploads\\\/2016\\\/03\\\/NO.jpg\",\"contentUrl\":\"https:\\\/\\\/scoutriders.no\\\/wp-content\\\/uploads\\\/2016\\\/03\\\/NO.jpg\",\"width\":198,\"height\":198,\"caption\":\"Scoutriders Norge\"},\"image\":{\"@id\":\"https:\\\/\\\/scoutriders.no\\\/#\\\/schema\\\/logo\\\/image\\\/\"},\"sameAs\":[\"https:\\\/\\\/www.facebook.com\\\/groups\\\/91862870526\"]}]}<\/script>\n<!-- \/ Yoast SEO plugin. -->","yoast_head_json":{"title":"Referater - Scoutriders.no","robots":{"index":"index","follow":"follow","max-snippet":"max-snippet:-1","max-image-preview":"max-image-preview:large","max-video-preview":"max-video-preview:-1"},"canonical":"https:\/\/scoutriders.no\/?page_id=13068","og_locale":"nb_NO","og_type":"article","og_title":"Referater - Scoutriders.no","og_description":"Her vil du finne aktuelle referater fra blant annet \u00e5rsm\u00f8tene. Referat \u00e5rsm\u00f8te 2024: Arsmelding_2023_Scoutriders_Norge_ Regnskap_Scoutriders_Norge_2023 2023 Signert Protokoll \u00e5rsm\u00f8te 2.5.2024 Stiftelsesm\u00f8te 2023: Protokoll stiftelsesm\u00f8te 2023 Scoutriders","og_url":"https:\/\/scoutriders.no\/?page_id=13068","og_site_name":"Scoutriders.no","article_publisher":"https:\/\/www.facebook.com\/groups\/91862870526","article_modified_time":"2025-01-18T16:14:20+00:00","twitter_card":"summary_large_image","twitter_misc":{"Ansl. lesetid":"1 minutt"},"schema":{"@context":"https:\/\/schema.org","@graph":[{"@type":"WebPage","@id":"https:\/\/scoutriders.no\/?page_id=13068","url":"https:\/\/scoutriders.no\/?page_id=13068","name":"Referater - Scoutriders.no","isPartOf":{"@id":"https:\/\/scoutriders.no\/#website"},"datePublished":"2023-05-23T09:00:36+00:00","dateModified":"2025-01-18T16:14:20+00:00","breadcrumb":{"@id":"https:\/\/scoutriders.no\/?page_id=13068#breadcrumb"},"inLanguage":"nb-NO","potentialAction":[{"@type":"ReadAction","target":["https:\/\/scoutriders.no\/?page_id=13068"]}]},{"@type":"BreadcrumbList","@id":"https:\/\/scoutriders.no\/?page_id=13068#breadcrumb","itemListElement":[{"@type":"ListItem","position":1,"name":"Hjem","item":"https:\/\/scoutriders.no\/"},{"@type":"ListItem","position":2,"name":"Om","item":"https:\/\/scoutriders.no\/?page_id=41"},{"@type":"ListItem","position":3,"name":"Referater"}]},{"@type":"WebSite","@id":"https:\/\/scoutriders.no\/#website","url":"https:\/\/scoutriders.no\/","name":"Scoutriders.no","description":"MC-klubben for speidere","publisher":{"@id":"https:\/\/scoutriders.no\/#organization"},"potentialAction":[{"@type":"SearchAction","target":{"@type":"EntryPoint","urlTemplate":"https:\/\/scoutriders.no\/?s={search_term_string}"},"query-input":{"@type":"PropertyValueSpecification","valueRequired":true,"valueName":"search_term_string"}}],"inLanguage":"nb-NO"},{"@type":"Organization","@id":"https:\/\/scoutriders.no\/#organization","name":"Scoutriders Norge","url":"https:\/\/scoutriders.no\/","logo":{"@type":"ImageObject","inLanguage":"nb-NO","@id":"https:\/\/scoutriders.no\/#\/schema\/logo\/image\/","url":"https:\/\/scoutriders.no\/wp-content\/uploads\/2016\/03\/NO.jpg","contentUrl":"https:\/\/scoutriders.no\/wp-content\/uploads\/2016\/03\/NO.jpg","width":198,"height":198,"caption":"Scoutriders Norge"},"image":{"@id":"https:\/\/scoutriders.no\/#\/schema\/logo\/image\/"},"sameAs":["https:\/\/www.facebook.com\/groups\/91862870526"]}]}},"jetpack_sharing_enabled":true,"_links":{"self":[{"href":"https:\/\/scoutriders.no\/index.php?rest_route=\/wp\/v2\/pages\/13068","targetHints":{"allow":["GET"]}}],"collection":[{"href":"https:\/\/scoutriders.no\/index.php?rest_route=\/wp\/v2\/pages"}],"about":[{"href":"https:\/\/scoutriders.no\/index.php?rest_route=\/wp\/v2\/types\/page"}],"author":[{"embeddable":true,"href":"https:\/\/scoutriders.no\/index.php?rest_route=\/wp\/v2\/users\/33"}],"replies":[{"embeddable":true,"href":"https:\/\/scoutriders.no\/index.php?rest_route=%2Fwp%2Fv2%2Fcomments&post=13068"}],"version-history":[{"count":3,"href":"https:\/\/scoutriders.no\/index.php?rest_route=\/wp\/v2\/pages\/13068\/revisions"}],"predecessor-version":[{"id":14498,"href":"https:\/\/scoutriders.no\/index.php?rest_route=\/wp\/v2\/pages\/13068\/revisions\/14498"}],"up":[{"embeddable":true,"href":"https:\/\/scoutriders.no\/index.php?rest_route=\/wp\/v2\/pages\/41"}],"wp:attachment":[{"href":"https:\/\/scoutriders.no\/index.php?rest_route=%2Fwp%2Fv2%2Fmedia&parent=13068"}],"curies":[{"name":"wp","href":"https:\/\/api.w.org\/{rel}","templated":true}]}}