{"id":156,"date":"2015-09-01T08:00:04","date_gmt":"2015-09-01T06:00:04","guid":{"rendered":"http:\/\/scoutriders.no\/catalogue"},"modified":"2025-02-17T14:30:04","modified_gmt":"2025-02-17T13:30:04","slug":"catalogue","status":"publish","type":"page","link":"https:\/\/scoutriders.no\/?page_id=156","title":{"rendered":"Butikken"},"content":{"rendered":"<p><img loading=\"lazy\" decoding=\"async\" class=\"wp-image-277 alignnone\" src=\"http:\/\/scoutriders.no\/wp-content\/uploads\/2015\/09\/jakkemerke_1-300x300.jpg\" alt=\"jakkemerke_1\" width=\"279\" height=\"279\" srcset=\"https:\/\/scoutriders.no\/wp-content\/uploads\/2015\/09\/jakkemerke_1-300x300.jpg 300w, https:\/\/scoutriders.no\/wp-content\/uploads\/2015\/09\/jakkemerke_1-150x150.jpg 150w, https:\/\/scoutriders.no\/wp-content\/uploads\/2015\/09\/jakkemerke_1.jpg 784w\" sizes=\"auto, (max-width: 279px) 100vw, 279px\" \/><\/p>\n<p><img loading=\"lazy\" decoding=\"async\" class=\"wp-image-14643 alignnone\" src=\"http:\/\/scoutriders.no\/wp-content\/uploads\/2025\/02\/20250210_16350701-scaled.jpg\" alt=\"\" width=\"283\" height=\"154\"><\/p>\n<p>T\u00f8ymerke med Scoutriders Norge kan bestilles hos Rune Hoel og koster kr 50,-.<br \/>\nT\u00f8ymerke &laquo;20 \u00e5r i 2024&raquo; kan bestilles hos Rune Hoel og koster kr 30,-.<br \/>\n<a href=\"mailto:rune.hoel@hedbilfag.no\" target=\"_blank\" rel=\"noopener\">Send epost<\/a><\/p>\n<p><img loading=\"lazy\" decoding=\"async\" class=\"wp-image-280 size-medium alignnone\" src=\"http:\/\/scoutriders.no\/wp-content\/uploads\/2015\/09\/refleksvest-535x800-201x300.jpg\" alt=\"refleksvest (535x800)\" width=\"201\" height=\"300\" srcset=\"https:\/\/scoutriders.no\/wp-content\/uploads\/2015\/09\/refleksvest-535x800-201x300.jpg 201w, https:\/\/scoutriders.no\/wp-content\/uploads\/2015\/09\/refleksvest-535x800.jpg 535w\" sizes=\"auto, (max-width: 201px) 100vw, 201px\" \/><\/p>\n<p>Refleksvest med Soutriders Norge merke kan bestilles hos Roy Arild og koster kr 200,- + evt. frakt.&nbsp; Finnes i st\u00f8rrelse XXL og XXXL.<br \/>\n<a href=\"mailto:roy.arild@rugsveen.com\" target=\"_blank\" rel=\"noopener\">Send epost<\/a><\/p>\n","protected":false},"excerpt":{"rendered":"<p>T\u00f8ymerke med Scoutriders Norge kan bestilles hos Rune Hoel og koster kr 50,-. T\u00f8ymerke &laquo;20 \u00e5r i 2024&raquo; kan bestilles hos Rune Hoel og koster kr 30,-. Send epost Refleksvest med Soutriders Norge merke kan bestilles hos Roy Arild og &hellip; <a href=\"https:\/\/scoutriders.no\/?page_id=156\">Les videre <span class=\"meta-nav\">&rarr;<\/span><\/a><\/p>\n","protected":false},"author":33,"featured_media":0,"parent":0,"menu_order":0,"comment_status":"closed","ping_status":"open","template":"","meta":{"ngg_post_thumbnail":0,"jetpack_post_was_ever_published":false,"footnotes":""},"class_list":["post-156","page","type-page","status-publish","hentry"],"yoast_head":"<!-- This site is optimized with the Yoast SEO plugin v27.5 - https:\/\/yoast.com\/product\/yoast-seo-wordpress\/ -->\n<title>Butikken - Scoutriders.no<\/title>\n<meta name=\"robots\" content=\"index, follow, max-snippet:-1, max-image-preview:large, max-video-preview:-1\" \/>\n<link rel=\"canonical\" href=\"https:\/\/scoutriders.no\/?page_id=156\" \/>\n<meta property=\"og:locale\" content=\"nb_NO\" \/>\n<meta property=\"og:type\" content=\"article\" \/>\n<meta property=\"og:title\" content=\"Butikken - Scoutriders.no\" \/>\n<meta property=\"og:description\" content=\"T\u00f8ymerke med Scoutriders Norge kan bestilles hos Rune Hoel og koster kr 50,-. T\u00f8ymerke &laquo;20 \u00e5r i 2024&raquo; kan bestilles hos Rune Hoel og koster kr 30,-. Send epost Refleksvest med Soutriders Norge merke kan bestilles hos Roy Arild og &hellip; Les videre &rarr;\" \/>\n<meta property=\"og:url\" content=\"https:\/\/scoutriders.no\/?page_id=156\" \/>\n<meta property=\"og:site_name\" content=\"Scoutriders.no\" \/>\n<meta property=\"article:publisher\" content=\"https:\/\/www.facebook.com\/groups\/91862870526\" \/>\n<meta property=\"article:modified_time\" content=\"2025-02-17T13:30:04+00:00\" \/>\n<meta property=\"og:image\" content=\"https:\/\/scoutriders.no\/wp-content\/uploads\/2015\/09\/jakkemerke_1.jpg\" \/>\n\t<meta property=\"og:image:width\" content=\"784\" \/>\n\t<meta property=\"og:image:height\" content=\"785\" \/>\n\t<meta property=\"og:image:type\" content=\"image\/jpeg\" \/>\n<meta name=\"twitter:card\" content=\"summary_large_image\" \/>\n<meta name=\"twitter:label1\" content=\"Ansl. lesetid\" \/>\n\t<meta name=\"twitter:data1\" content=\"1 minutt\" \/>\n<script type=\"application\/ld+json\" class=\"yoast-schema-graph\">{\"@context\":\"https:\\\/\\\/schema.org\",\"@graph\":[{\"@type\":\"WebPage\",\"@id\":\"https:\\\/\\\/scoutriders.no\\\/?page_id=156\",\"url\":\"https:\\\/\\\/scoutriders.no\\\/?page_id=156\",\"name\":\"Butikken - Scoutriders.no\",\"isPartOf\":{\"@id\":\"https:\\\/\\\/scoutriders.no\\\/#website\"},\"primaryImageOfPage\":{\"@id\":\"https:\\\/\\\/scoutriders.no\\\/?page_id=156#primaryimage\"},\"image\":{\"@id\":\"https:\\\/\\\/scoutriders.no\\\/?page_id=156#primaryimage\"},\"thumbnailUrl\":\"http:\\\/\\\/scoutriders.no\\\/wp-content\\\/uploads\\\/2015\\\/09\\\/jakkemerke_1-300x300.jpg\",\"datePublished\":\"2015-09-01T06:00:04+00:00\",\"dateModified\":\"2025-02-17T13:30:04+00:00\",\"breadcrumb\":{\"@id\":\"https:\\\/\\\/scoutriders.no\\\/?page_id=156#breadcrumb\"},\"inLanguage\":\"nb-NO\",\"potentialAction\":[{\"@type\":\"ReadAction\",\"target\":[\"https:\\\/\\\/scoutriders.no\\\/?page_id=156\"]}]},{\"@type\":\"ImageObject\",\"inLanguage\":\"nb-NO\",\"@id\":\"https:\\\/\\\/scoutriders.no\\\/?page_id=156#primaryimage\",\"url\":\"https:\\\/\\\/scoutriders.no\\\/wp-content\\\/uploads\\\/2015\\\/09\\\/jakkemerke_1.jpg\",\"contentUrl\":\"https:\\\/\\\/scoutriders.no\\\/wp-content\\\/uploads\\\/2015\\\/09\\\/jakkemerke_1.jpg\",\"width\":784,\"height\":785},{\"@type\":\"BreadcrumbList\",\"@id\":\"https:\\\/\\\/scoutriders.no\\\/?page_id=156#breadcrumb\",\"itemListElement\":[{\"@type\":\"ListItem\",\"position\":1,\"name\":\"Hjem\",\"item\":\"https:\\\/\\\/scoutriders.no\\\/\"},{\"@type\":\"ListItem\",\"position\":2,\"name\":\"Butikken\"}]},{\"@type\":\"WebSite\",\"@id\":\"https:\\\/\\\/scoutriders.no\\\/#website\",\"url\":\"https:\\\/\\\/scoutriders.no\\\/\",\"name\":\"Scoutriders.no\",\"description\":\"MC-klubben for speidere\",\"publisher\":{\"@id\":\"https:\\\/\\\/scoutriders.no\\\/#organization\"},\"potentialAction\":[{\"@type\":\"SearchAction\",\"target\":{\"@type\":\"EntryPoint\",\"urlTemplate\":\"https:\\\/\\\/scoutriders.no\\\/?s={search_term_string}\"},\"query-input\":{\"@type\":\"PropertyValueSpecification\",\"valueRequired\":true,\"valueName\":\"search_term_string\"}}],\"inLanguage\":\"nb-NO\"},{\"@type\":\"Organization\",\"@id\":\"https:\\\/\\\/scoutriders.no\\\/#organization\",\"name\":\"Scoutriders Norge\",\"url\":\"https:\\\/\\\/scoutriders.no\\\/\",\"logo\":{\"@type\":\"ImageObject\",\"inLanguage\":\"nb-NO\",\"@id\":\"https:\\\/\\\/scoutriders.no\\\/#\\\/schema\\\/logo\\\/image\\\/\",\"url\":\"https:\\\/\\\/scoutriders.no\\\/wp-content\\\/uploads\\\/2016\\\/03\\\/NO.jpg\",\"contentUrl\":\"https:\\\/\\\/scoutriders.no\\\/wp-content\\\/uploads\\\/2016\\\/03\\\/NO.jpg\",\"width\":198,\"height\":198,\"caption\":\"Scoutriders Norge\"},\"image\":{\"@id\":\"https:\\\/\\\/scoutriders.no\\\/#\\\/schema\\\/logo\\\/image\\\/\"},\"sameAs\":[\"https:\\\/\\\/www.facebook.com\\\/groups\\\/91862870526\"]}]}<\/script>\n<!-- \/ Yoast SEO plugin. -->","yoast_head_json":{"title":"Butikken - Scoutriders.no","robots":{"index":"index","follow":"follow","max-snippet":"max-snippet:-1","max-image-preview":"max-image-preview:large","max-video-preview":"max-video-preview:-1"},"canonical":"https:\/\/scoutriders.no\/?page_id=156","og_locale":"nb_NO","og_type":"article","og_title":"Butikken - Scoutriders.no","og_description":"T\u00f8ymerke med Scoutriders Norge kan bestilles hos Rune Hoel og koster kr 50,-. T\u00f8ymerke &laquo;20 \u00e5r i 2024&raquo; kan bestilles hos Rune Hoel og koster kr 30,-. Send epost Refleksvest med Soutriders Norge merke kan bestilles hos Roy Arild og &hellip; Les videre &rarr;","og_url":"https:\/\/scoutriders.no\/?page_id=156","og_site_name":"Scoutriders.no","article_publisher":"https:\/\/www.facebook.com\/groups\/91862870526","article_modified_time":"2025-02-17T13:30:04+00:00","og_image":[{"width":784,"height":785,"url":"https:\/\/scoutriders.no\/wp-content\/uploads\/2015\/09\/jakkemerke_1.jpg","type":"image\/jpeg"}],"twitter_card":"summary_large_image","twitter_misc":{"Ansl. lesetid":"1 minutt"},"schema":{"@context":"https:\/\/schema.org","@graph":[{"@type":"WebPage","@id":"https:\/\/scoutriders.no\/?page_id=156","url":"https:\/\/scoutriders.no\/?page_id=156","name":"Butikken - Scoutriders.no","isPartOf":{"@id":"https:\/\/scoutriders.no\/#website"},"primaryImageOfPage":{"@id":"https:\/\/scoutriders.no\/?page_id=156#primaryimage"},"image":{"@id":"https:\/\/scoutriders.no\/?page_id=156#primaryimage"},"thumbnailUrl":"http:\/\/scoutriders.no\/wp-content\/uploads\/2015\/09\/jakkemerke_1-300x300.jpg","datePublished":"2015-09-01T06:00:04+00:00","dateModified":"2025-02-17T13:30:04+00:00","breadcrumb":{"@id":"https:\/\/scoutriders.no\/?page_id=156#breadcrumb"},"inLanguage":"nb-NO","potentialAction":[{"@type":"ReadAction","target":["https:\/\/scoutriders.no\/?page_id=156"]}]},{"@type":"ImageObject","inLanguage":"nb-NO","@id":"https:\/\/scoutriders.no\/?page_id=156#primaryimage","url":"https:\/\/scoutriders.no\/wp-content\/uploads\/2015\/09\/jakkemerke_1.jpg","contentUrl":"https:\/\/scoutriders.no\/wp-content\/uploads\/2015\/09\/jakkemerke_1.jpg","width":784,"height":785},{"@type":"BreadcrumbList","@id":"https:\/\/scoutriders.no\/?page_id=156#breadcrumb","itemListElement":[{"@type":"ListItem","position":1,"name":"Hjem","item":"https:\/\/scoutriders.no\/"},{"@type":"ListItem","position":2,"name":"Butikken"}]},{"@type":"WebSite","@id":"https:\/\/scoutriders.no\/#website","url":"https:\/\/scoutriders.no\/","name":"Scoutriders.no","description":"MC-klubben for speidere","publisher":{"@id":"https:\/\/scoutriders.no\/#organization"},"potentialAction":[{"@type":"SearchAction","target":{"@type":"EntryPoint","urlTemplate":"https:\/\/scoutriders.no\/?s={search_term_string}"},"query-input":{"@type":"PropertyValueSpecification","valueRequired":true,"valueName":"search_term_string"}}],"inLanguage":"nb-NO"},{"@type":"Organization","@id":"https:\/\/scoutriders.no\/#organization","name":"Scoutriders Norge","url":"https:\/\/scoutriders.no\/","logo":{"@type":"ImageObject","inLanguage":"nb-NO","@id":"https:\/\/scoutriders.no\/#\/schema\/logo\/image\/","url":"https:\/\/scoutriders.no\/wp-content\/uploads\/2016\/03\/NO.jpg","contentUrl":"https:\/\/scoutriders.no\/wp-content\/uploads\/2016\/03\/NO.jpg","width":198,"height":198,"caption":"Scoutriders Norge"},"image":{"@id":"https:\/\/scoutriders.no\/#\/schema\/logo\/image\/"},"sameAs":["https:\/\/www.facebook.com\/groups\/91862870526"]}]}},"jetpack_sharing_enabled":true,"_links":{"self":[{"href":"https:\/\/scoutriders.no\/index.php?rest_route=\/wp\/v2\/pages\/156","targetHints":{"allow":["GET"]}}],"collection":[{"href":"https:\/\/scoutriders.no\/index.php?rest_route=\/wp\/v2\/pages"}],"about":[{"href":"https:\/\/scoutriders.no\/index.php?rest_route=\/wp\/v2\/types\/page"}],"author":[{"embeddable":true,"href":"https:\/\/scoutriders.no\/index.php?rest_route=\/wp\/v2\/users\/33"}],"replies":[{"embeddable":true,"href":"https:\/\/scoutriders.no\/index.php?rest_route=%2Fwp%2Fv2%2Fcomments&post=156"}],"version-history":[{"count":18,"href":"https:\/\/scoutriders.no\/index.php?rest_route=\/wp\/v2\/pages\/156\/revisions"}],"predecessor-version":[{"id":14677,"href":"https:\/\/scoutriders.no\/index.php?rest_route=\/wp\/v2\/pages\/156\/revisions\/14677"}],"wp:attachment":[{"href":"https:\/\/scoutriders.no\/index.php?rest_route=%2Fwp%2Fv2%2Fmedia&parent=156"}],"curies":[{"name":"wp","href":"https:\/\/api.w.org\/{rel}","templated":true}]}}