{"id":43,"date":"2012-05-03T14:56:28","date_gmt":"2012-05-03T12:56:28","guid":{"rendered":"http:\/\/scoutriders.no.web.ip.no\/?page_id=43"},"modified":"2023-05-23T10:14:29","modified_gmt":"2023-05-23T08:14:29","slug":"vedtekter","status":"publish","type":"page","link":"https:\/\/scoutriders.no\/?page_id=43","title":{"rendered":"Vedtekter"},"content":{"rendered":"<p style=\"text-align: left;\" align=\"center\"><strong>\u00a7 1 Form\u00e5l<\/strong><br \/>\nScoutriders Norge er en forening for speidere med motorsykkelinteresse. V\u00e5rt<br \/>\nhovedfundament er interesse for motorsykkel og speideridealene.<br \/>\nScoutriders Norge har som form\u00e5l \u00e5:<br \/>\n1. Samle MC-interesserte speidere i et felleskap<br \/>\n2. Arbeide for et sunt og godt MC milj\u00f8 for speidere- med vekt p\u00e5 kj\u00f8reglede, friluftsliv, sosialt fellesskap og forst\u00e5else for dette i speiderorganisasjonene<br \/>\n3. V\u00e6re et positivt forbilde for yngre speidere og gi grobunn for aktiv rekruttering<br \/>\n4. Avholde minimum ett felles treff \u00e5rlig, samt st\u00f8tte regionale treff.<br \/>\n5. Aktivt arbeide for markedsf\u00f8ring av Scoutriders i Norge<br \/>\n6. Samarbeide med tilsvarende foreninger i andre land<\/p>\n<p style=\"text-align: left;\" align=\"center\"><strong>\u00a7 2 Organisasjon<\/strong><br \/>\nScoutriders Norge er en landsomfattende forening.<br \/>\nScoutriders Norges organer er:<br \/>\n1. \u00c5rsm\u00f8tet<br \/>\n2. Foreningsstyret<br \/>\nForeningsstyret best\u00e5r av minst 3 medlemmer og har ansvaret for drift og \u00f8konomi til<br \/>\nforeningen.<\/p>\n<p style=\"text-align: left;\" align=\"center\"><strong>\u00a7 3 Medlemskap<\/strong><br \/>\nSom medlem i Scoutriders Norge kan opptas alle tidligere og n\u00e5v\u00e6rende medlemmer<br \/>\norganisert i forbund under Speidere i Norge eller Speidergildene.<br \/>\n1. Er over 18 \u00e5r og liker seg sammen med andre speidere med MC<br \/>\n2. Liker friluftsliv og gjerne opplever det p\u00e5 en MC<br \/>\n3. Nyter livet p\u00e5 motorsykkel og viser kj\u00f8reglede<br \/>\n4. Medlemmer av Scoutriders kan b\u00e6re Scoutriders-merket p\u00e5 speiderskjorte og kj\u00f8reutstyr.<br \/>\n5. V\u00e6re betalende medlem i Scoutriders Norge<br \/>\n6. Ved \u00e5 melde seg inn som medlem aksepteres vedtekter og at man tillater \u00e5 bli kontaktet elektronisk.<br \/>\n7. Styret kan utnevne \u00e6resmedlemmer.<\/p>\n<p style=\"text-align: left;\" align=\"center\"><strong>\u00a7 4 \u00c5rsm\u00f8tet<\/strong><br \/>\n\u00c5rsm\u00f8tet er Scoutriders Norge h\u00f8yeste myndighet og avholdes p\u00e5 landstreffet i august eller n\u00e5r styret sammenkaller.<br \/>\nFrist for m\u00f8teinnkalling er minimum 4 uker f\u00f8r. Alle registrerte og betalende medlemmer<br \/>\nhar stemme- og talerett. Til \u00e5rsm\u00f8tet skal styret ha anledning til \u00e5 kunne forberede alle<br \/>\nsaker. Alle forslag skal derfor sendes skriftlig senest 14 dager f\u00f8r \u00e5rsm\u00f8tet.<br \/>\nDagsorden:<br \/>\n1.Godkjenning av innkalling<br \/>\n2.\u00c5rsmelding<br \/>\n3.Regnskap<br \/>\n4.Budsjett<br \/>\n5.Terminliste<br \/>\n6.Innkomne saker<br \/>\n7.Valg:<br \/>\n&#8211; Valg av leder for 2 \u00e5r<br \/>\n&#8211; Valg av styremedlemmer for 2 \u00e5r, organisert slik at disse alternerer.<br \/>\n&#8211; Valg av 1 vara\/suppleant<br \/>\n&#8211; Valg av valgkomite, 2 medlemmer.<br \/>\n&#8211; Valg av revisor.<\/p>\n<p style=\"text-align: left;\" align=\"center\"><strong>\u00a7 5 Styret<\/strong><br \/>\nStyrets oppgaver er \u00e5 drifte foreningen herunder \u00f8konomi, har ansvaret for at et \u00e5rlig treff arrangeres, innkalle og gjennomf\u00f8re \u00e5rsm\u00f8tet og drifte sosiale medier som FB og<br \/>\nhjemmeside.<br \/>\nStyret skal avholde styrem\u00f8ter ved behov. Alle vedtak er gyldige med alminnelig flertall. Ved stemmelikhet har leder dobbeltstemme.<\/p>\n<p style=\"text-align: left;\" align=\"center\"><strong>\u00a7 6 Utmelding \/eksklusjon<\/strong><br \/>\nMedlemskap i Scoutriders Norge har ingen \u00f8konomiske eller organisatoriske forpliktelser ut over \u00e5 betale fastsatt kontingent og bidra til felleskapet etter beste evne.<br \/>\nAlle medlemmer st\u00e5r fritt til \u00e5 melde seg ut. Betalt kontingent refunderes ikke og manglende innbetaling av kontingent regnes som utmeldelse. Dog skal det gis \u00e8n p\u00e5minnelse f\u00f8r medlemmet strykes fra registeret.<br \/>\nKun styret kan ekskludere medlemmer. Dette skal meddeles skriftlig.<\/p>\n<p style=\"text-align: left;\" align=\"center\"><strong>\u00a7 7 Oppl\u00f8sning av Scoutriders Norge<\/strong><br \/>\nMot alle odds kan det gj\u00f8res vedtak om oppl\u00f8sning av Scoutriders Norge. Dette skal i s\u00e5 fall vedtas med 2\/3 flertall p\u00e5 to p\u00e5f\u00f8lgende \u00e5rsm\u00f8ter.<br \/>\nEventuelle \u00f8konomiske midler ved oppl\u00f8sning overf\u00f8res \u201dForeningen for trafikkskadde\u201d og alle papirer skal deponeres hos Norsk Speidermuseum.<\/p>\n<p style=\"text-align: left;\" align=\"center\"><em>Vedtekter ble enstemmig vedtatt ved stiftelsesm\u00f8tet mandag 13.mars 2023.<\/em><\/p>\n<blockquote>\n<p align=\"center\">&nbsp;<\/p>\n<p style=\"text-align: left;\" align=\"center\">Under vises det offisielle merket for Scoutriders Norge. Kun Styret har rettigheter til \u00e5 gi tillatelse til bruk av dette merket. Enhver sammenheng merket \u00f8nskes benyttet skal godkjennes av styret.<\/p>\n<p><img loading=\"lazy\" decoding=\"async\" class=\"size-thumbnail wp-image-347 aligncenter\" src=\"http:\/\/scoutriders.no\/wp-content\/uploads\/2016\/03\/NO-150x150.jpg\" alt=\"\" width=\"150\" height=\"150\" srcset=\"https:\/\/scoutriders.no\/wp-content\/uploads\/2016\/03\/NO-150x150.jpg 150w, https:\/\/scoutriders.no\/wp-content\/uploads\/2016\/03\/NO.jpg 198w\" sizes=\"auto, (max-width: 150px) 100vw, 150px\" \/><\/p>\n<p align=\"center\">&nbsp;<\/p>\n<div>&nbsp;<\/div>\n<\/blockquote>\n","protected":false},"excerpt":{"rendered":"<p>\u00a7 1 Form\u00e5l Scoutriders Norge er en forening for speidere med motorsykkelinteresse. V\u00e5rt hovedfundament er interesse for motorsykkel og speideridealene. Scoutriders Norge har som form\u00e5l \u00e5: 1. Samle MC-interesserte speidere i et felleskap 2. Arbeide for et sunt og godt &hellip; <a href=\"https:\/\/scoutriders.no\/?page_id=43\">Les videre <span class=\"meta-nav\">&rarr;<\/span><\/a><\/p>\n","protected":false},"author":76,"featured_media":0,"parent":41,"menu_order":3,"comment_status":"closed","ping_status":"open","template":"","meta":{"ngg_post_thumbnail":0,"jetpack_post_was_ever_published":false,"footnotes":""},"class_list":["post-43","page","type-page","status-publish","hentry"],"yoast_head":"<!-- This site is optimized with the Yoast SEO plugin v27.5 - https:\/\/yoast.com\/product\/yoast-seo-wordpress\/ -->\n<title>Vedtekter - Scoutriders.no<\/title>\n<meta name=\"robots\" content=\"index, follow, max-snippet:-1, max-image-preview:large, max-video-preview:-1\" \/>\n<link rel=\"canonical\" href=\"https:\/\/scoutriders.no\/?page_id=43\" \/>\n<meta property=\"og:locale\" content=\"nb_NO\" \/>\n<meta property=\"og:type\" content=\"article\" \/>\n<meta property=\"og:title\" content=\"Vedtekter - Scoutriders.no\" \/>\n<meta property=\"og:description\" content=\"\u00a7 1 Form\u00e5l Scoutriders Norge er en forening for speidere med motorsykkelinteresse. V\u00e5rt hovedfundament er interesse for motorsykkel og speideridealene. Scoutriders Norge har som form\u00e5l \u00e5: 1. Samle MC-interesserte speidere i et felleskap 2. Arbeide for et sunt og godt &hellip; Les videre &rarr;\" \/>\n<meta property=\"og:url\" content=\"https:\/\/scoutriders.no\/?page_id=43\" \/>\n<meta property=\"og:site_name\" content=\"Scoutriders.no\" \/>\n<meta property=\"article:publisher\" content=\"https:\/\/www.facebook.com\/groups\/91862870526\" \/>\n<meta property=\"article:modified_time\" content=\"2023-05-23T08:14:29+00:00\" \/>\n<meta property=\"og:image\" content=\"http:\/\/scoutriders.no\/wp-content\/uploads\/2016\/03\/NO-150x150.jpg\" \/>\n<meta name=\"twitter:card\" content=\"summary_large_image\" \/>\n<meta name=\"twitter:label1\" content=\"Ansl. lesetid\" \/>\n\t<meta name=\"twitter:data1\" content=\"4 minutter\" \/>\n<script type=\"application\/ld+json\" class=\"yoast-schema-graph\">{\"@context\":\"https:\\\/\\\/schema.org\",\"@graph\":[{\"@type\":\"WebPage\",\"@id\":\"https:\\\/\\\/scoutriders.no\\\/?page_id=43\",\"url\":\"https:\\\/\\\/scoutriders.no\\\/?page_id=43\",\"name\":\"Vedtekter - Scoutriders.no\",\"isPartOf\":{\"@id\":\"https:\\\/\\\/scoutriders.no\\\/#website\"},\"primaryImageOfPage\":{\"@id\":\"https:\\\/\\\/scoutriders.no\\\/?page_id=43#primaryimage\"},\"image\":{\"@id\":\"https:\\\/\\\/scoutriders.no\\\/?page_id=43#primaryimage\"},\"thumbnailUrl\":\"http:\\\/\\\/scoutriders.no\\\/wp-content\\\/uploads\\\/2016\\\/03\\\/NO-150x150.jpg\",\"datePublished\":\"2012-05-03T12:56:28+00:00\",\"dateModified\":\"2023-05-23T08:14:29+00:00\",\"breadcrumb\":{\"@id\":\"https:\\\/\\\/scoutriders.no\\\/?page_id=43#breadcrumb\"},\"inLanguage\":\"nb-NO\",\"potentialAction\":[{\"@type\":\"ReadAction\",\"target\":[\"https:\\\/\\\/scoutriders.no\\\/?page_id=43\"]}]},{\"@type\":\"ImageObject\",\"inLanguage\":\"nb-NO\",\"@id\":\"https:\\\/\\\/scoutriders.no\\\/?page_id=43#primaryimage\",\"url\":\"http:\\\/\\\/scoutriders.no\\\/wp-content\\\/uploads\\\/2016\\\/03\\\/NO-150x150.jpg\",\"contentUrl\":\"http:\\\/\\\/scoutriders.no\\\/wp-content\\\/uploads\\\/2016\\\/03\\\/NO-150x150.jpg\"},{\"@type\":\"BreadcrumbList\",\"@id\":\"https:\\\/\\\/scoutriders.no\\\/?page_id=43#breadcrumb\",\"itemListElement\":[{\"@type\":\"ListItem\",\"position\":1,\"name\":\"Hjem\",\"item\":\"https:\\\/\\\/scoutriders.no\\\/\"},{\"@type\":\"ListItem\",\"position\":2,\"name\":\"Om\",\"item\":\"https:\\\/\\\/scoutriders.no\\\/?page_id=41\"},{\"@type\":\"ListItem\",\"position\":3,\"name\":\"Vedtekter\"}]},{\"@type\":\"WebSite\",\"@id\":\"https:\\\/\\\/scoutriders.no\\\/#website\",\"url\":\"https:\\\/\\\/scoutriders.no\\\/\",\"name\":\"Scoutriders.no\",\"description\":\"MC-klubben for speidere\",\"publisher\":{\"@id\":\"https:\\\/\\\/scoutriders.no\\\/#organization\"},\"potentialAction\":[{\"@type\":\"SearchAction\",\"target\":{\"@type\":\"EntryPoint\",\"urlTemplate\":\"https:\\\/\\\/scoutriders.no\\\/?s={search_term_string}\"},\"query-input\":{\"@type\":\"PropertyValueSpecification\",\"valueRequired\":true,\"valueName\":\"search_term_string\"}}],\"inLanguage\":\"nb-NO\"},{\"@type\":\"Organization\",\"@id\":\"https:\\\/\\\/scoutriders.no\\\/#organization\",\"name\":\"Scoutriders Norge\",\"url\":\"https:\\\/\\\/scoutriders.no\\\/\",\"logo\":{\"@type\":\"ImageObject\",\"inLanguage\":\"nb-NO\",\"@id\":\"https:\\\/\\\/scoutriders.no\\\/#\\\/schema\\\/logo\\\/image\\\/\",\"url\":\"https:\\\/\\\/scoutriders.no\\\/wp-content\\\/uploads\\\/2016\\\/03\\\/NO.jpg\",\"contentUrl\":\"https:\\\/\\\/scoutriders.no\\\/wp-content\\\/uploads\\\/2016\\\/03\\\/NO.jpg\",\"width\":198,\"height\":198,\"caption\":\"Scoutriders Norge\"},\"image\":{\"@id\":\"https:\\\/\\\/scoutriders.no\\\/#\\\/schema\\\/logo\\\/image\\\/\"},\"sameAs\":[\"https:\\\/\\\/www.facebook.com\\\/groups\\\/91862870526\"]}]}<\/script>\n<!-- \/ Yoast SEO plugin. -->","yoast_head_json":{"title":"Vedtekter - Scoutriders.no","robots":{"index":"index","follow":"follow","max-snippet":"max-snippet:-1","max-image-preview":"max-image-preview:large","max-video-preview":"max-video-preview:-1"},"canonical":"https:\/\/scoutriders.no\/?page_id=43","og_locale":"nb_NO","og_type":"article","og_title":"Vedtekter - Scoutriders.no","og_description":"\u00a7 1 Form\u00e5l Scoutriders Norge er en forening for speidere med motorsykkelinteresse. V\u00e5rt hovedfundament er interesse for motorsykkel og speideridealene. Scoutriders Norge har som form\u00e5l \u00e5: 1. Samle MC-interesserte speidere i et felleskap 2. Arbeide for et sunt og godt &hellip; Les videre &rarr;","og_url":"https:\/\/scoutriders.no\/?page_id=43","og_site_name":"Scoutriders.no","article_publisher":"https:\/\/www.facebook.com\/groups\/91862870526","article_modified_time":"2023-05-23T08:14:29+00:00","og_image":[{"url":"http:\/\/scoutriders.no\/wp-content\/uploads\/2016\/03\/NO-150x150.jpg","type":"","width":"","height":""}],"twitter_card":"summary_large_image","twitter_misc":{"Ansl. lesetid":"4 minutter"},"schema":{"@context":"https:\/\/schema.org","@graph":[{"@type":"WebPage","@id":"https:\/\/scoutriders.no\/?page_id=43","url":"https:\/\/scoutriders.no\/?page_id=43","name":"Vedtekter - Scoutriders.no","isPartOf":{"@id":"https:\/\/scoutriders.no\/#website"},"primaryImageOfPage":{"@id":"https:\/\/scoutriders.no\/?page_id=43#primaryimage"},"image":{"@id":"https:\/\/scoutriders.no\/?page_id=43#primaryimage"},"thumbnailUrl":"http:\/\/scoutriders.no\/wp-content\/uploads\/2016\/03\/NO-150x150.jpg","datePublished":"2012-05-03T12:56:28+00:00","dateModified":"2023-05-23T08:14:29+00:00","breadcrumb":{"@id":"https:\/\/scoutriders.no\/?page_id=43#breadcrumb"},"inLanguage":"nb-NO","potentialAction":[{"@type":"ReadAction","target":["https:\/\/scoutriders.no\/?page_id=43"]}]},{"@type":"ImageObject","inLanguage":"nb-NO","@id":"https:\/\/scoutriders.no\/?page_id=43#primaryimage","url":"http:\/\/scoutriders.no\/wp-content\/uploads\/2016\/03\/NO-150x150.jpg","contentUrl":"http:\/\/scoutriders.no\/wp-content\/uploads\/2016\/03\/NO-150x150.jpg"},{"@type":"BreadcrumbList","@id":"https:\/\/scoutriders.no\/?page_id=43#breadcrumb","itemListElement":[{"@type":"ListItem","position":1,"name":"Hjem","item":"https:\/\/scoutriders.no\/"},{"@type":"ListItem","position":2,"name":"Om","item":"https:\/\/scoutriders.no\/?page_id=41"},{"@type":"ListItem","position":3,"name":"Vedtekter"}]},{"@type":"WebSite","@id":"https:\/\/scoutriders.no\/#website","url":"https:\/\/scoutriders.no\/","name":"Scoutriders.no","description":"MC-klubben for speidere","publisher":{"@id":"https:\/\/scoutriders.no\/#organization"},"potentialAction":[{"@type":"SearchAction","target":{"@type":"EntryPoint","urlTemplate":"https:\/\/scoutriders.no\/?s={search_term_string}"},"query-input":{"@type":"PropertyValueSpecification","valueRequired":true,"valueName":"search_term_string"}}],"inLanguage":"nb-NO"},{"@type":"Organization","@id":"https:\/\/scoutriders.no\/#organization","name":"Scoutriders Norge","url":"https:\/\/scoutriders.no\/","logo":{"@type":"ImageObject","inLanguage":"nb-NO","@id":"https:\/\/scoutriders.no\/#\/schema\/logo\/image\/","url":"https:\/\/scoutriders.no\/wp-content\/uploads\/2016\/03\/NO.jpg","contentUrl":"https:\/\/scoutriders.no\/wp-content\/uploads\/2016\/03\/NO.jpg","width":198,"height":198,"caption":"Scoutriders Norge"},"image":{"@id":"https:\/\/scoutriders.no\/#\/schema\/logo\/image\/"},"sameAs":["https:\/\/www.facebook.com\/groups\/91862870526"]}]}},"jetpack_sharing_enabled":true,"_links":{"self":[{"href":"https:\/\/scoutriders.no\/index.php?rest_route=\/wp\/v2\/pages\/43","targetHints":{"allow":["GET"]}}],"collection":[{"href":"https:\/\/scoutriders.no\/index.php?rest_route=\/wp\/v2\/pages"}],"about":[{"href":"https:\/\/scoutriders.no\/index.php?rest_route=\/wp\/v2\/types\/page"}],"author":[{"embeddable":true,"href":"https:\/\/scoutriders.no\/index.php?rest_route=\/wp\/v2\/users\/76"}],"replies":[{"embeddable":true,"href":"https:\/\/scoutriders.no\/index.php?rest_route=%2Fwp%2Fv2%2Fcomments&post=43"}],"version-history":[{"count":8,"href":"https:\/\/scoutriders.no\/index.php?rest_route=\/wp\/v2\/pages\/43\/revisions"}],"predecessor-version":[{"id":13052,"href":"https:\/\/scoutriders.no\/index.php?rest_route=\/wp\/v2\/pages\/43\/revisions\/13052"}],"up":[{"embeddable":true,"href":"https:\/\/scoutriders.no\/index.php?rest_route=\/wp\/v2\/pages\/41"}],"wp:attachment":[{"href":"https:\/\/scoutriders.no\/index.php?rest_route=%2Fwp%2Fv2%2Fmedia&parent=43"}],"curies":[{"name":"wp","href":"https:\/\/api.w.org\/{rel}","templated":true}]}}